{"id":209,"date":"2025-06-27T20:19:24","date_gmt":"2025-06-27T18:19:24","guid":{"rendered":"https:\/\/herz-statt-hetze-stendal.de\/?page_id=209"},"modified":"2025-12-02T21:03:41","modified_gmt":"2025-12-02T20:03:41","slug":"strassenfest","status":"publish","type":"page","link":"https:\/\/herz-statt-hetze-stendal.de\/?page_id=209","title":{"rendered":"Strassenfest"},"content":{"rendered":"<p>[et_pb_section fb_built=&#8220;1&#8243; _builder_version=&#8220;4.27.4&#8243; _module_preset=&#8220;default&#8220; background_color=&#8220;#fbfbde&#8220; global_colors_info=&#8220;{}&#8220;][et_pb_row _builder_version=&#8220;4.26.1&#8243; _module_preset=&#8220;default&#8220; global_colors_info=&#8220;{}&#8220;][et_pb_column type=&#8220;4_4&#8243; _builder_version=&#8220;4.26.1&#8243; _module_preset=&#8220;default&#8220; global_colors_info=&#8220;{}&#8220;][et_pb_heading title=&#8220;Stra\u00dfenfest&#8220; _builder_version=&#8220;4.27.4&#8243; _module_preset=&#8220;default&#8220; title_font=&#8220;|700|||||||&#8220; title_text_color=&#8220;#C8005D&#8220; global_colors_info=&#8220;{}&#8220;][\/et_pb_heading][et_pb_image src=&#8220;https:\/\/herz-statt-hetze-stendal.de\/wp-content\/uploads\/2025\/09\/Strassenfest-1024&#215;252.png&#8220; _builder_version=&#8220;4.27.4&#8243; _module_preset=&#8220;default&#8220; title_text=&#8220;Stra\u00dfenfest&#8220; hover_enabled=&#8220;0&#8243; sticky_enabled=&#8220;0&#8243;][\/et_pb_image][et_pb_text _builder_version=&#8220;4.27.4&#8243; _module_preset=&#8220;default&#8220; hover_enabled=&#8220;0&#8243; sticky_enabled=&#8220;0&#8243;]<\/p>\n<p>Unser Stra\u00dfenfest am 23. August 2025 war ein Riesenerfolg. In diesem <a href=\"https:\/\/www.volksstimme.de\/lokal\/stendal\/zehn-jahre-herz-statt-hetze-beim-strassenfest-in-stendal-wird-solidaritat-gefeiert-4103489\" target=\"_blank\">Artikel aus der Volksstimme<\/a> wird der Tag wunderbar beschrieben. Herzlichen Dank an alle die uns unterst\u00fctzt haben. Und nat\u00fcrlich an alle Besucher*innen, die zusammen mit uns so sch\u00f6n gefeiert haben.<\/p>\n<p>[\/et_pb_text][et_pb_heading title=&#8220;Deutsch&#8220; module_id=&#8220;Deutsch&#8220; _builder_version=&#8220;4.27.4&#8243; _module_preset=&#8220;default&#8220; title_level=&#8220;h2&#8243; title_text_color=&#8220;#0491AA&#8220; global_colors_info=&#8220;{}&#8220;][\/et_pb_heading][et_pb_image src=&#8220;https:\/\/herz-statt-hetze-stendal.de\/wp-content\/uploads\/2025\/06\/Flyer-D-compleet.png&#8220; title_text=&#8220;Flyer D compleet&#8220; _builder_version=&#8220;4.27.4&#8243; _module_preset=&#8220;default&#8220; global_colors_info=&#8220;{}&#8220;][\/et_pb_image][\/et_pb_column][\/et_pb_row][et_pb_row _builder_version=&#8220;4.27.2&#8243; _module_preset=&#8220;default&#8220; custom_padding=&#8220;|||11px||&#8220; global_colors_info=&#8220;{}&#8220;][et_pb_column type=&#8220;4_4&#8243; _builder_version=&#8220;4.26.1&#8243; _module_preset=&#8220;default&#8220; global_colors_info=&#8220;{}&#8220;][et_pb_heading title=&#8220;English&#8220; module_id=&#8220;Englisch&#8220; _builder_version=&#8220;4.27.4&#8243; _module_preset=&#8220;default&#8220; title_level=&#8220;h2&#8243; title_text_color=&#8220;#0491AA&#8220; global_colors_info=&#8220;{}&#8220;][\/et_pb_heading][et_pb_image src=&#8220;https:\/\/herz-statt-hetze-stendal.de\/wp-content\/uploads\/2025\/06\/Flyer-E-compleet.png&#8220; title_text=&#8220;Flyer E compleet&#8220; _builder_version=&#8220;4.27.4&#8243; _module_preset=&#8220;default&#8220; global_colors_info=&#8220;{}&#8220;][\/et_pb_image][\/et_pb_column][\/et_pb_row][et_pb_row _builder_version=&#8220;4.27.4&#8243; _module_preset=&#8220;default&#8220; global_colors_info=&#8220;{}&#8220;][et_pb_column type=&#8220;4_4&#8243; _builder_version=&#8220;4.27.4&#8243; _module_preset=&#8220;default&#8220; global_colors_info=&#8220;{}&#8220;][et_pb_heading title=&#8220;Fran\u00e7ais&#8220; _builder_version=&#8220;4.27.4&#8243; _module_preset=&#8220;default&#8220; title_level=&#8220;h2&#8243; title_text_color=&#8220;#0491AA&#8220; global_colors_info=&#8220;{}&#8220;][\/et_pb_heading][et_pb_text _builder_version=&#8220;4.27.4&#8243; _module_preset=&#8220;default&#8220; global_colors_info=&#8220;{}&#8220;]<img loading=\"lazy\" decoding=\"async\" src=\"https:\/\/herz-statt-hetze-stendal.de\/wp-content\/uploads\/2025\/07\/Flyer-F-compleet-1024x710.png\" width=\"1024\" height=\"710\" alt=\"\" class=\"wp-image-242 aligncenter size-large\" srcset=\"https:\/\/herz-statt-hetze-stendal.de\/wp-content\/uploads\/2025\/07\/Flyer-F-compleet-1024x710.png 1024w, https:\/\/herz-statt-hetze-stendal.de\/wp-content\/uploads\/2025\/07\/Flyer-F-compleet-980x679.png 980w, https:\/\/herz-statt-hetze-stendal.de\/wp-content\/uploads\/2025\/07\/Flyer-F-compleet-480x333.png 480w\" sizes=\"(min-width: 0px) and (max-width: 480px) 480px, (min-width: 481px) and (max-width: 980px) 980px, (min-width: 981px) 1024px, 100vw\" \/>[\/et_pb_text][\/et_pb_column][\/et_pb_row][et_pb_row _builder_version=&#8220;4.27.4&#8243; _module_preset=&#8220;default&#8220; global_colors_info=&#8220;{}&#8220;][et_pb_column type=&#8220;4_4&#8243; _builder_version=&#8220;4.27.4&#8243; _module_preset=&#8220;default&#8220; global_colors_info=&#8220;{}&#8220;][et_pb_heading title=&#8220;\u0440\u0443\u0441\u0441\u043a\u0438\u0439 \u044f\u0437\u044b\u043a&#8220; module_id=&#8220;Russisch&#8220; _builder_version=&#8220;4.27.4&#8243; _module_preset=&#8220;default&#8220; title_level=&#8220;h2&#8243; title_text_color=&#8220;#0491AA&#8220; global_colors_info=&#8220;{}&#8220;][\/et_pb_heading][et_pb_image src=&#8220;https:\/\/herz-statt-hetze-stendal.de\/wp-content\/uploads\/2025\/08\/Farsi.png&#8220; title_text=&#8220;Farsi&#8220; _builder_version=&#8220;4.27.4&#8243; _module_preset=&#8220;default&#8220; global_colors_info=&#8220;{}&#8220;][\/et_pb_image][\/et_pb_column][\/et_pb_row][et_pb_row _builder_version=&#8220;4.27.4&#8243; _module_preset=&#8220;default&#8220; global_colors_info=&#8220;{}&#8220;][et_pb_column type=&#8220;4_4&#8243; _builder_version=&#8220;4.27.4&#8243; _module_preset=&#8220;default&#8220; global_colors_info=&#8220;{}&#8220;][et_pb_heading title=&#8220;\u0627\u0644\u0639\u0631\u0628\u064a\u0629&#8220; module_id=&#8220;Arabisch&#8220; _builder_version=&#8220;4.27.4&#8243; _module_preset=&#8220;default&#8220; title_level=&#8220;h2&#8243; title_text_color=&#8220;#0491AA&#8220; global_colors_info=&#8220;{}&#8220;][\/et_pb_heading][et_pb_image src=&#8220;https:\/\/herz-statt-hetze-stendal.de\/wp-content\/uploads\/2025\/08\/Farsi-726&#215;1024.jpeg&#8220; title_text=&#8220;Farsi&#8220; _builder_version=&#8220;4.27.4&#8243; _module_preset=&#8220;default&#8220; global_colors_info=&#8220;{}&#8220;][\/et_pb_image][\/et_pb_column][\/et_pb_row][\/et_pb_section]<\/p>\n","protected":false},"excerpt":{"rendered":"<p>Unser Stra\u00dfenfest am 23. August 2025 war ein Riesenerfolg. In diesem Artikel aus der Volksstimme wird der Tag wunderbar beschrieben. Herzlichen Dank an alle die uns unterst\u00fctzt haben. Und nat\u00fcrlich an alle Besucher*innen, die zusammen mit uns so sch\u00f6n gefeiert haben.<\/p>\n","protected":false},"author":2,"featured_media":0,"parent":0,"menu_order":0,"comment_status":"closed","ping_status":"closed","template":"","meta":{"_et_pb_use_builder":"on","_et_pb_old_content":"","_et_gb_content_width":"","footnotes":""},"class_list":["post-209","page","type-page","status-publish","hentry"],"_links":{"self":[{"href":"https:\/\/herz-statt-hetze-stendal.de\/index.php?rest_route=\/wp\/v2\/pages\/209","targetHints":{"allow":["GET"]}}],"collection":[{"href":"https:\/\/herz-statt-hetze-stendal.de\/index.php?rest_route=\/wp\/v2\/pages"}],"about":[{"href":"https:\/\/herz-statt-hetze-stendal.de\/index.php?rest_route=\/wp\/v2\/types\/page"}],"author":[{"embeddable":true,"href":"https:\/\/herz-statt-hetze-stendal.de\/index.php?rest_route=\/wp\/v2\/users\/2"}],"replies":[{"embeddable":true,"href":"https:\/\/herz-statt-hetze-stendal.de\/index.php?rest_route=%2Fwp%2Fv2%2Fcomments&post=209"}],"version-history":[{"count":15,"href":"https:\/\/herz-statt-hetze-stendal.de\/index.php?rest_route=\/wp\/v2\/pages\/209\/revisions"}],"predecessor-version":[{"id":280,"href":"https:\/\/herz-statt-hetze-stendal.de\/index.php?rest_route=\/wp\/v2\/pages\/209\/revisions\/280"}],"wp:attachment":[{"href":"https:\/\/herz-statt-hetze-stendal.de\/index.php?rest_route=%2Fwp%2Fv2%2Fmedia&parent=209"}],"curies":[{"name":"wp","href":"https:\/\/api.w.org\/{rel}","templated":true}]}}