{"id":13,"date":"2024-08-09T15:36:44","date_gmt":"2024-08-09T13:36:44","guid":{"rendered":"https:\/\/herz-statt-hetze-stendal.de\/?page_id=13"},"modified":"2026-04-14T14:02:10","modified_gmt":"2026-04-14T12:02:10","slug":"veranstaltungen","status":"publish","type":"page","link":"https:\/\/herz-statt-hetze-stendal.de\/?page_id=13","title":{"rendered":"Veranstaltungen"},"content":{"rendered":"<p>[et_pb_section fb_built=&#8220;1&#8243; _builder_version=&#8220;4.26.1&#8243; _module_preset=&#8220;default&#8220; background_color=&#8220;#fbfbde&#8220; global_colors_info=&#8220;{}&#8220;][et_pb_row _builder_version=&#8220;4.26.1&#8243; _module_preset=&#8220;default&#8220; global_colors_info=&#8220;{}&#8220;][et_pb_column type=&#8220;4_4&#8243; _builder_version=&#8220;4.26.1&#8243; _module_preset=&#8220;default&#8220; global_colors_info=&#8220;{}&#8220;][et_pb_heading title=&#8220;Veranstaltungen&#8220; _builder_version=&#8220;4.26.1&#8243; _module_preset=&#8220;default&#8220; title_font=&#8220;|700|||||||&#8220; title_text_color=&#8220;#C8005D&#8220; global_colors_info=&#8220;{}&#8220;][\/et_pb_heading][\/et_pb_column][\/et_pb_row][et_pb_row _builder_version=&#8220;4.27.2&#8243; _module_preset=&#8220;default&#8220; custom_padding=&#8220;|||11px||&#8220; global_colors_info=&#8220;{}&#8220;][et_pb_column type=&#8220;4_4&#8243; _builder_version=&#8220;4.26.1&#8243; _module_preset=&#8220;default&#8220; global_colors_info=&#8220;{}&#8220;][et_pb_text _builder_version=&#8220;4.27.5&#8243; _module_preset=&#8220;default&#8220; max_width=&#8220;85%&#8220; hover_enabled=&#8220;0&#8243; global_colors_info=&#8220;{}&#8220; sticky_enabled=&#8220;0&#8243;]<\/p>\n<h5><span style=\"color: #c8005d;\"><strong>Arne Semsrott &#8211; Buchvorstellung &#038; Dialog<\/strong><\/span><\/h5>\n<h6><span style=\"color: #000000;\"><strong>7. Juni 2026 &#8211; 16:00 Uhr &#8211; Musikforum Katharinenkirche, Schadewachten 48, Stendal<br \/><\/strong><\/span><\/h6>\n<p>Am 7. Juni 2026 kommt der Journalist und Aktivist <a href=\"https:\/\/de.wikipedia.org\/wiki\/Arne_Semsrott\">Arne Semsrott<\/a> nach Stendal um sein neues Buch <a href=\"https:\/\/www.droemer-knaur.de\/buch\/arne-semsrott-gegenmacht-die-zivilgesellschaft-schlaegt-zurueck-9783426570722?srsltid=AfmBOorI_by343yfInCKk62I6Jfv2z8hXQyde-XHXuu6RsSLFNf_vVyC\">Gegenmacht: Die Zivilgesellschaft schl\u00e4gt zur\u00fcck<\/a> vorzustellen. In seinem Bestseller <a href=\"https:\/\/www.droemer-knaur.de\/buch\/arne-semsrott-machtuebernahme-9783426570067\">Macht\u00fcbernahme<\/a> beschrieb er das d\u00fcstere Szenario einer rechtskonservativen Wende. In seinem neuen Buch zeigt Arne Semsrott anhand zahlreicher konkreter Beispiele, wie wir aus der Defensive in die Offensive kommen. Ort und Zeitpunkt werden noch bekanntgegeben. Eintritt frei. <\/p>\n<h5><span style=\"color: #c8005d;\"><strong>Treffen Herz statt Hetze<\/strong><\/span><\/h5>\n<h6><span style=\"color: #000000;\"><strong>1. Juni 2026 &#8211; 18:00 bis 20:00 Uhr &#8211; Kleine Markthalle, Hallstra\u00dfe 49 , Stendal<br \/><\/strong><\/span><\/h6>\n<p>Wir treffen uns jeden ersten Montag des Monats in der Kleinen Markthalle. Komm einfach vorbei und bring dich ein.<\/p>\n<h5><span style=\"color: #c8005d;\"><strong>Benefizfest Dudeldei<\/strong><\/span><\/h5>\n<h6><span style=\"color: #000000;\"><strong>9. Mai 2026 &#8211; 14:30 Uhr &#8211; Salzstra\u00dfe 26b, Langensalzwedel<br \/><\/strong><\/span><\/h6>\n<p>Wir sind mit einem Stand auf das Benefizfest vertreten. Das Fest wird zur Unterst\u00fctzung des Hospiz Stendal und weiterer sozialen Einrichtungen veranstaltet. Bei Fragen zum Fest bitte melden bei 0176 43 99 22 42.<\/p>\n<h5><span style=\"color: #c8005d;\"><strong>Treffen Herz statt Hetze<\/strong><\/span><\/h5>\n<h6><span style=\"color: #000000;\"><strong>4. Mai 2026 &#8211; 18:30 bis 20:30 Uhr &#8211; Kleine Markthalle, Hallstra\u00dfe 49, Stendal<br \/><\/strong><\/span><\/h6>\n<p>Wir treffen uns jeden ersten Montag des Monats in der Kleinen Markthalle. Komm einfach vorbei und bring dich ein.<\/p>\n<h5><span style=\"color: #c8005d;\"><strong>Treffen Herz statt Hetze<\/strong><\/span><\/h5>\n<h6><span style=\"color: #000000;\"><strong>13. April 2026 &#8211; 18:00 bis 20:00 Uhr &#8211; Kleine Markthalle, Hallstra\u00dfe 49, Stendal<br \/><\/strong><\/span><\/h6>\n<p>Wir treffen uns diesmal wegen Ostern eine Woche sp\u00e4ter als sonst in der Kleinen Markthalle. Komm einfach vorbei und bring dich ein.<\/p>\n<h5><span style=\"color: #c8005d;\"><strong>Osteraktion 2026<\/strong><\/span><\/h5>\n<h6><span style=\"color: #000000;\"><strong>23. M\u00e4rz 2026 &#8211; 11:30 &#8211; Landesaufnahmeeinrichtung, Stendal<br \/><\/strong><\/span><\/h6>\n<p>Das B\u00fcndnis Herz statt Hetze Stendal organisiert in Kooperation mit der <a href=\"https:\/\/www.buergerstiftung-stendal.de\/\">Altm\u00e4rkischen B\u00fcrgerstiftung<\/a> eine Osteraktion f\u00fcr Kinder in diversen Einrichtungen in Stendal. Diese umfasst die Finanzierung von Eintrittstickets f\u00fcr den Stendaler Tiergarten. Am 23. M\u00e4rz gibt es in der Landesaufnahmeeinrichtung Stendal eine symbolische \u00dcbergabe der Tickets durch den Oberb\u00fcrgermeister und Vertreter*innen von Herz statt Hetze.<\/p>\n<h5><span style=\"color: #c8005d;\"><strong>Argumentationstraining (es gibt noch ein paar freie Pl\u00e4tze &#8211; kostenlose Teilnahme)<\/strong><\/span><\/h5>\n<h6><span style=\"color: #000000;\"><strong>21. M\u00e4rz 2026 &#8211; 10:00 bis 17:00 Uhr &#8211; Kleine Markthalle, Hallstra\u00dfe 49, Stendal<br \/><\/strong><\/span><\/h6>\n<p>\u00dcberall in der Gesellschaft sind wir mit Herausforderungen im Umgang mit rechten und diskriminierenden Positionen konfrontiert \u2013 und manchmal verunsichert. Das Training von <a href=\"http:\/\/www.gegen-argument.de\">GEGENARGUMENT<\/a> unterst\u00fctzt die Teilnehmenden dabei, hier eine klare Haltung beziehen zu k\u00f6nnen und sie bekommen Handwerkszeug f\u00fcr konkrete Situationen, um mehr Souver\u00e4nit\u00e4t zu erlangen. Anmeldungen bis zum 13. M\u00e4rz an info@herz-statt-hetze-stendal.de.<\/p>\n<h5><span style=\"color: #c8005d;\"><strong>Markt der M\u00f6glichkeiten &#8211; Bundesweiter Frauen*streik<\/strong><\/span><\/h5>\n<h6><span style=\"color: #000000;\"><strong>9. M\u00e4rz 2026 &#8211; 14:00 bis 18:00 Uhr &#8211; Winckelmannplatz, Stendal<br \/><\/strong><\/span><\/h6>\n<p>Wir sind bei diesem Event mit einem Stand vertreten. Kommt vorbei und lernt uns kennen!<\/p>\n<h5><span style=\"color: #c8005d;\"><strong>Treffen Herz statt Hetze<\/strong><\/span><\/h5>\n<h6><span style=\"color: #000000;\"><strong>2. M\u00e4rz 2026 &#8211; 18:00 bis 20:00 Uhr &#8211; Kleine Markthalle, Hallstra\u00dfe 49, Stendal<br \/><\/strong><\/span><\/h6>\n<p>Wir treffen uns jeden ersten Montag des Monats in der Kleinen Markthalle. Komm einfach vorbei und bring dich ein.<\/p>\n<h5><span style=\"color: #c8005d;\"><strong>Auftakt Engagement 2026<\/strong><\/span><\/h5>\n<h6><span style=\"color: #000000;\"><strong>27. Februar 2026 &#8211; 16:00 bis 18:00 Uhr &#8211; Kleine Markthalle, Hallstra\u00dfe 49, Stendal<br \/><\/strong><\/span><\/h6>\n<p>Die Freiwilligen-Agentur Altmark e.V. und die Engagierte Hansestadt Stendal laden zum \u201eAuftakt Engagement 2026\u201c in die Kleine Markthalle ein. Welche Ideen gibt es f\u00fcr 2026? Welche Vorhaben f\u00fcr das Gemeinwohl sollen angepackt werden? Wie k\u00f6nnen sich engagierte Menschen einbringen? Der Engagement-Auftakt bietet gleicherma\u00dfen interessierten Organisationen, Initiativen und Einzelpersonen eine B\u00fchne, f\u00fcr ihre Projekte zu werben und Verb\u00fcndete zu finden. Auch wir sind dabei. Nach den Kurzvorstellungen ist Gelegenheit, miteinander ins Gespr\u00e4ch zu kommen und Kontakte zu kn\u00fcpfen.<\/p>\n<h5><\/h5>\n<h5><span style=\"color: #c8005d;\"><strong>Treffen Herz statt Hetze<\/strong><\/span><\/h5>\n<h6><span style=\"color: #000000;\"><strong>2. Februar 2026 &#8211; 18:00 bis 20:00 Uhr &#8211; Kleine Markthalle, Hallstra\u00dfe 49, Stendal<br \/><\/strong><\/span><\/h6>\n<p>Wir treffen uns jeden ersten Montag des Monats in der Kleinen Markthalle. Komm einfach vorbei und bring dich ein.<\/p>\n<h5><\/h5>\n<h5><span style=\"color: #c8005d;\"><strong>Treffen Herz statt Hetze<\/strong><\/span><\/h5>\n<h6><span style=\"color: #000000;\"><strong>12. Januar 2026 &#8211; 18:00 bis 20:00 Uhr &#8211; Kleine Markthalle, Hallstra\u00dfe 49, Stendal<br \/><\/strong><\/span><\/h6>\n<p>Wir treffen uns im Januar ausnahmsweise am zweiten Montag des Monats. Komm einfach vorbei und bring dich ein.<\/p>\n<h5><span style=\"color: #c8005d;\"><strong>Nikolausbasar<\/strong><\/span><\/h5>\n<h6><span style=\"color: #000000;\"><strong>7. December 2025 &#8211; 14:00 bis 18:00 Uhr &#8211; Domstift Stendal<br \/><\/strong><\/span><\/h6>\n<p>Der Nikolausbasar bietet traditionell ein buntes Programm mit Kaffee und Kuchen, Tanzen und Singen, Sta\u0308nden mit Kreativem und vielem mehr.\u00a0Wir sind mit einem Stand auf dem Basar vertreten. Kommt vorbei und lernt uns kennen.<\/p>\n<h5><span style=\"color: #c8005d;\"><strong>Treffen Herz statt Hetze<\/strong><\/span><\/h5>\n<h6><span style=\"color: #000000;\"><strong>1. December 2025 &#8211; 18:00 bis 20:00 Uhr &#8211; Kleine Markthalle<br \/><\/strong><\/span><\/h6>\n<p>Wir treffen uns jeden ersten Montag des Monats, diesmal in der Kleinen Markthalle. Komm einfach vorbei und bring dich ein.<\/p>\n<h5><span style=\"color: #c8005d;\"><strong>Treffen Herz statt Hetze<\/strong><\/span><\/h5>\n<h6><span style=\"color: #000000;\"><strong>3. November 2025 &#8211; 18:00 bis 20:00 Uhr &#8211; Kleine Markthalle<br \/><\/strong><\/span><\/h6>\n<p>Wir treffen uns jeden ersten Montag des Monats, diesmal in der Kleinen Markthalle. Komm einfach vorbei und bring dich ein.<\/p>\n<h5><span style=\"color: #c8005d;\"><strong>Treffen Herz statt Hetze<\/strong><\/span><\/h5>\n<h6><span style=\"color: #000000;\"><strong>13. Oktober 2025 &#8211; 18:00 bis 20:00 Uhr &#8211; B\u00fcro der Linken, Anne-Frank-Stra\u00dfe 20, Stendal<br \/><\/strong><\/span><\/h6>\n<p>Wir treffen uns diesmal im B\u00fcro der Linken. Komm einfach vorbei und bring dich ein.<\/p>\n<h5><span style=\"color: #c8005d;\"><strong>Treffen Herz statt Hetze<\/strong><\/span><\/h5>\n<h6><span style=\"color: #000000;\"><strong>1. September 2025 &#8211; 18:00 bis 20:00 Uhr &#8211; Kleine Markthalle<br \/><\/strong><\/span><\/h6>\n<p>Wir treffen uns jeden ersten Montag des Monats, diesmal in der Kleinen Markthalle. Komm einfach vorbei und bring dich ein.<\/p>\n<h5><span style=\"color: #c8005d;\"><strong>Solidarisches Stra\u00dfenfest. F\u00fcreinander. Miteinander.<\/strong><\/span><\/h5>\n<h6><span style=\"color: #000000;\"><strong>23. August 2025 &#8211; 14:00 Uhr &#8211; Ladenzeile zwischen Adolph-Menzel-Stra\u00dfe und Kurt-Schumacher-Allee, Stendal-Stadtsee<br \/><\/strong><\/span><\/h6>\n<p>Wir m\u00f6chten mit euch ein starkes Zeichen f\u00fcr ein solidarisches miteinander setzen. Am Samstag, 23. August feiern und verteidigen wir die Demokratie mit einem Stra\u00dfenfest an der Ladenzeile in Stadtsee. Kommt vorbei und entdeckt wie ein vielf\u00e4ltiges und solidarisches Stendal aussehen kann.<br \/>Weitere Infos auf Deutsch, English, Fran\u00e7ais, \u0440\u0443\u0441\u0441\u043a\u0438\u0439 \u044f\u0437\u044b\u043a und \u0644\u0639\u0631\u0628\u064a\u0629 gibt es <a href=\"https:\/\/herz-statt-hetze-stendal.de\/?page_id=209\">hier<\/a>.<\/p>\n<h5><span style=\"color: #c8005d;\"><strong>Sommerfest Hochschule Magdeburg-Stendal<\/strong><\/span><\/h5>\n<h6><span style=\"color: #000000;\"><strong>18. Juni 2025 &#8211; 15:00 bis 23:00 Uhr &#8211; Campus Stendal, Osterburger Str. 25<br \/><\/strong><\/span><\/h6>\n<p>Das Sommerfest geh\u00f6rt zu den kulturellen H\u00f6hepunkten auf dem Campus Stendal. Es bietet nicht nur Studierenden und Besch\u00e4ftigten, sondern auch Freunden, Familien und Nachbarn die Gelegenheit, sich besser kennenzulernen. Wem es neben abwechslungsreicher Live-Musik und kulinarischen K\u00f6stlichkeiten auch nach einem sommerlichen Workout verlangt, der kommt beim integrierten Sportfest auf seine Kosten. Wir sind mit einem Infostand vertreten. Weitere Infos auf der <a href=\"https:\/\/www.h2.de\/hochschule\/aktuelles\/veranstaltungen\/sommerfest.html\">Webseite der Hochschule Magdeburg-Stendal<\/a>.<\/p>\n<h5><span style=\"color: #c8005d;\"><strong>Spring Jam Tangerm\u00fcnde<\/strong><\/span><\/h5>\n<h6><span style=\"color: #000000;\"><strong>17. Mai 2025 &#8211; 14:00 Uhr &#8211; Tres\u00f6rchen, Stendaler Str. 56<br \/><\/strong><\/span><\/h6>\n<p>Tres\u00f6rchen \u00f6ffnet erneut seine Pforten. Diesen Fr\u00fchling t\u00f6nt der Hof ausnahmsweise nicht in Elektro-Kl\u00e4ngen, sondern pr\u00e4sentiert auf einer fetten B\u00fchne jungen Talenten aus der Region, Altmark und Berlin. Herz statt Hetze ist mit einem Infostand vertreten. Weitere Infos auf der <a href=\"https:\/\/www.tresoerchen.de\/\">Webseite vom Tres\u00f6rchen<\/a>.<\/p>\n<h5><span style=\"color: #c8005d;\"><strong>Treffen Herz statt Hetze<\/strong><\/span><\/h5>\n<h6><span style=\"color: #000000;\"><strong>5. Mai 2025 &#8211; 18:00 bis 20:00 Uhr &#8211; &#8222;Plattenspieler&#8220;, Stadtteilb\u00fcro in der Adolph-Menzel-Str. 18<br \/><\/strong><\/span><\/h6>\n<p>Wir treffen uns jeden ersten Montag des Monats, diesmal im Stadteilb\u00fcro in Stendal-Stadtsee. Komm einfach vorbei und bring dich ein.<\/p>\n<h5><span style=\"color: #c8005d;\"><strong>Treffen Herz statt Hetze<\/strong><\/span><\/h5>\n<h6><span style=\"color: #000000;\"><strong>7. April 2025 &#8211; 18:00 bis 20:00 Uhr &#8211; Kleine Markthalle<br \/><\/strong><\/span><\/h6>\n<p>Wir treffen uns jeden ersten Montag des Monats, diesmal in der Kleinen Markthalle. Komm einfach vorbei und bring dich ein.<\/p>\n<h5><span style=\"color: #c8005d;\"><strong>Treffen Herz statt Hetze<\/strong><\/span><\/h5>\n<h6><span style=\"color: #000000;\"><strong>3. M\u00e4rz 2025 &#8211; 18:00 bis 20:00 Uhr &#8211; Kleine Markthalle<br \/><\/strong><\/span><\/h6>\n<p>Wir treffen uns jeden ersten Montag des Monats, diesmal in der Kleinen Markthalle. Komm einfach vorbei und bring dich ein.<\/p>\n<h5><span style=\"color: #c8005d;\"><strong>Stammtisch Herz statt Hetze<\/strong><\/span><\/h5>\n<h6><span style=\"color: #000000;\"><strong>19. Februar 2025 &#8211; ab 19:00 Uhr &#8211; Irish Pub<br \/><\/strong><\/span><\/h6>\n<p>Wir treffen uns jeden dritten Mittwoch des Monats.<\/p>\n<h5><span style=\"color: #c8005d;\"><strong>Auftakt Engagement 2025<\/strong><\/span><\/h5>\n<h6><span style=\"color: #000000;\"><strong>19. Februar 2025 &#8211; 16:00 Uhr &#8211; Kleine Markthalle<br \/><\/strong><\/span><\/h6>\n<p>Die Freiwilligen-Agentur Altmark e.V. und die Engagierte Hansestadt Stendal laden zum \u201eAuftakt Engagement 2025\u201c in die Kleine Markthalle ein. Welche Ideen gibt es f\u00fcr 2025? Welche Vorhaben f\u00fcr das Gemeinwohl sollen angepackt werden? Wie k\u00f6nnen sich engagierte Menschen einbringen? Der Engagement-Auftakt bietet gleicherma\u00dfen interessierten Organisationen, Initiativen und Einzelpersonen eine B\u00fchne, f\u00fcr ihre Projekte zu werben und Verb\u00fcndete zu finden. Auch wir sind dabei. Nach den Kurzvorstellungen ist Gelegenheit, miteinander ins Gespr\u00e4ch zu kommen und Kontakte zu kn\u00fcpfen.<\/p>\n<h5><span style=\"color: #c8005d;\"><strong>Demo Wir widersetzen uns!<\/strong><\/span><\/h5>\n<h6><span style=\"color: #000000;\"><strong>5. Februar 2025 &#8211; 17:30 Uhr &#8211; Hospitalstrasse 1<br \/><\/strong><\/span><\/h6>\n<p>Am 5. Februar findet im Hauptsitz der Kreisverwaltung des Landkreises Stendal eine AfD-Wahlkampfveranstaltung statt. Zusammen mit dem AKS, der Links Jugend Stendal und Fridays for Future wollen wir uns widersetzen.<\/p>\n<h5><span style=\"color: #c8005d;\"><strong>Treffen Herz statt Hetze<\/strong><\/span><\/h5>\n<h6><span style=\"color: #000000;\"><strong>3. Februar 2025 &#8211; 18:00 bis 20:00 Uhr &#8211; Kleine Markthalle<br \/><\/strong><\/span><\/h6>\n<p>Wir treffen uns jeden ersten Montag des Monats, diesmal in der Kleinen Markthalle. Komm einfach vorbei und bring dich ein.<\/p>\n<h5><span style=\"color: #c8005d;\"><strong>Stammtisch Herz statt Hetze<\/strong><\/span><\/h5>\n<h6><span style=\"color: #000000;\"><strong>15. Januar 2025 &#8211; ab 19:00 Uhr &#8211; Irish Pub<br \/><\/strong><\/span><\/h6>\n<p>Wir treffen uns jeden dritten Mittwoch des Monats.<\/p>\n<h5><span style=\"color: #c8005d;\"><strong>AfD-Parteitag in Riesa verhindern<\/strong><\/span><\/h5>\n<h6><span style=\"color: #000000;\"><strong>11. Januar 2025 &#8211; Riesa<br \/><\/strong><\/span><\/h6>\n<p>Wir fahren mit mehreren Personen nach Riesa um gegen den AfD-Parteitag zu demonstrieren. M\u00f6chtest du mitfahren? Dann melde dich per E-Mail oder komme zum HsH-Treffen am 6. Januar.<\/p>\n<h5><span style=\"color: #c8005d;\"><strong>Treffen Herz statt Hetze<\/strong><\/span><\/h5>\n<h6><span style=\"color: #000000;\"><strong>6. Januar 2025 &#8211; 18:00 bis 20:00 Uhr &#8211; Kleine Markthalle<br \/><\/strong><\/span><\/h6>\n<p>Wir treffen uns jeden ersten Montag des Monats, diesmal in der Kleinen Markthalle. Komm einfach vorbei und bring dich ein.<\/p>\n<h5><span style=\"color: #c8005d;\"><strong>Treffen Herz statt Hetze<\/strong><\/span><\/h5>\n<h6><span style=\"color: #000000;\"><strong>2. December 2024 &#8211; 18:00 bis 20:00 Uhr &#8211; Kleine Markthalle<br \/><\/strong><\/span><\/h6>\n<p>Wir treffen uns jeden ersten Montag des Monats, diesmal in der Kleinen Markthalle. Komm einfach vorbei und bring dich ein.<\/p>\n<h5><span style=\"color: #c8005d;\"><strong>Stammtisch Herz statt Hetze<\/strong><\/span><\/h5>\n<h6><span style=\"color: #000000;\"><strong>20. November 2024 &#8211; ab 19:00 Uhr &#8211; Irish Pub<br \/><\/strong><\/span><\/h6>\n<p>Wir treffen uns jeden dritten Mittwoch des Monats.<\/p>\n<h5><span style=\"color: #c8005d;\"><strong>Treffen Herz statt Hetze<\/strong><\/span><\/h5>\n<h6><span style=\"color: #000000;\"><strong>4. November 2024 &#8211; 18:00 bis 20:00 Uhr &#8211; Kleine Markthalle<br \/><\/strong><\/span><\/h6>\n<p>Wir treffen uns jeden ersten Montag des Monats, diesmal in der Kleinen Markthalle. Komm einfach vorbei und bring dich ein.<\/p>\n<h5><span style=\"color: #c8005d;\"><strong>Stammtisch Herz statt Hetze<\/strong><\/span><\/h5>\n<h6><span style=\"color: #000000;\"><strong>16. Oktober 2024 &#8211; ab 19:00 Uhr &#8211; Irish Pub<br \/><\/strong><\/span><\/h6>\n<p>Wir treffen uns jeden dritten Mittwoch des Monats.<\/p>\n<h5><span style=\"color: #c8005d;\"><strong>Markt der M\u00f6glichkeiten<\/strong><\/span><\/h5>\n<h6><span style=\"color: #000000;\"><strong>10. Oktober 2024 &#8211; 13:00 bis 16:00 Uhr &#8211; Campus Hochschule Stendal<br \/><\/strong><\/span><\/h6>\n<p>Markt, wo Studierende alle wichtigen Einrichtungen und Ansprechpersonen in Stendal pers\u00f6nlich kennenlernen k\u00f6nnen. Wir sind hier mit einem Stand vertreten.<\/p>\n<h5><span style=\"color: #c8005d;\"><strong>Treffen Herz statt Hetze<\/strong><\/span><\/h5>\n<h6><span style=\"color: #000000;\"><strong>7. Oktober 2024 &#8211; 18:00 bis 20:00 Uhr &#8211; Kleine Markthalle<br \/><\/strong><\/span><\/h6>\n<p>Wir treffen uns jeden ersten Montag des Monats, diesmal in der Kleinen Markthalle. Komm einfach vorbei und bring dich ein.<\/p>\n<h5><span style=\"color: #c8005d;\"><strong>CSD Stendal<\/strong><\/span><\/h5>\n<h6><span style=\"color: #000000;\"><strong>28. September 2024 &#8211; 12:00 Uhr &#8211; Marktplatz<br \/><\/strong><\/span><\/h6>\n<p>Wir sind mit einem Stand beim CSD vertreten. CSD-Programm: 12:00 Uhr Er\u00f6ffnung mit Redebeitr\u00e4gen und Musik. 13:00 Uhr Start des Demonstrationszuges vom Marktplatz. 15:00 Uhr Abschlusskundgebung mit Redebeitr\u00e4gen, musikalischen Acts und interaktiven Aktionen.<\/p>\n<h5><span style=\"color: #c8005d;\"><strong>Treffen Herz statt Hetze<\/strong><\/span><\/h5>\n<h6><span style=\"color: #000000;\"><strong>2. September 2024 &#8211; 18:00 bis 20:00 Uhr &#8211; Stadtteilb\u00fcro Stendal-Stadtsee<br \/><\/strong><\/span><\/h6>\n<p>Wir treffen uns jeden ersten Montag des Monats, diesmal im Stadtteilb\u00fcro Stendal-Stadtsee an der Adolph-Menzel-Str. 18. Komm einfach vorbei und bring dich ein.<\/p>\n<h5><span style=\"color: #c8005d;\"><strong>Sachsen-Anhalt-Tag 2024<\/strong><\/span><\/h5>\n<h6><span style=\"color: #000000;\"><strong>30. August bis 1. September 2024 &#8211; Stendal<\/strong><\/span><\/h6>\n<p>Wir sind anwesend mit Infomaterialen bei den St\u00e4nden der Hochschule und des Instituts f\u00fcr demokratische Kultur.<\/p>\n<h5><span style=\"color: #c8005d;\"><strong>Stendal ist Bunt! &#8211; Versammlung f\u00fcr Demokratie und Menschenw\u00fcrde<\/strong><\/span><\/h5>\n<h6><span style=\"color: #000000;\"><strong>6. Juni 2024 &#8211; 17:00 bis 20:00 Uhr &#8211; Sperlingsberg Stendal<\/strong><\/span><\/h6>\n<p>Gemeinsam f\u00fcr Demokratie und Menschenw\u00fcrde in den Europa- und Kommunalwahlen. Zusammenkommen, Austauschen, Einstehen f\u00fcr Demokratie und Respekt. Plakate zum Motto sind gew\u00fcnscht.<\/p>\n<h5><span style=\"color: #c8005d;\"><strong>Correctiv enth\u00fclt: Rechtsextremer Geheimplan gegen Deutschland<\/strong><\/span><\/h5>\n<h6><span style=\"color: #000000;\"><strong>24. April 2024 &#8211; 19:00 Uhr &#8211; Upstall Kino Stendal<\/strong><\/span><\/h6>\n<p>Filmvorf\u00fchrung der szenischen Lesung vom Berliner Ensemble mit Austausch \u00fcber den gesellschaftlichen Zusammenhalt jenseits rechtsextremer Ideologien. Eintritt frei.<\/p>\n<p>[\/et_pb_text][\/et_pb_column][\/et_pb_row][\/et_pb_section]<\/p>\n","protected":false},"excerpt":{"rendered":"<p>Arne Semsrott &#8211; Buchvorstellung &#038; Dialog 7. Juni 2026 &#8211; 16:00 Uhr &#8211; Musikforum Katharinenkirche, Schadewachten 48, Stendal Am 7. Juni 2026 kommt der Journalist und Aktivist Arne Semsrott nach Stendal um sein neues Buch Gegenmacht: Die Zivilgesellschaft schl\u00e4gt zur\u00fcck vorzustellen. In seinem Bestseller Macht\u00fcbernahme beschrieb er das d\u00fcstere Szenario einer rechtskonservativen Wende. In seinem [&hellip;]<\/p>\n","protected":false},"author":1,"featured_media":0,"parent":0,"menu_order":0,"comment_status":"closed","ping_status":"closed","template":"","meta":{"_et_pb_use_builder":"on","_et_pb_old_content":"","_et_gb_content_width":"","footnotes":""},"class_list":["post-13","page","type-page","status-publish","hentry"],"_links":{"self":[{"href":"https:\/\/herz-statt-hetze-stendal.de\/index.php?rest_route=\/wp\/v2\/pages\/13","targetHints":{"allow":["GET"]}}],"collection":[{"href":"https:\/\/herz-statt-hetze-stendal.de\/index.php?rest_route=\/wp\/v2\/pages"}],"about":[{"href":"https:\/\/herz-statt-hetze-stendal.de\/index.php?rest_route=\/wp\/v2\/types\/page"}],"author":[{"embeddable":true,"href":"https:\/\/herz-statt-hetze-stendal.de\/index.php?rest_route=\/wp\/v2\/users\/1"}],"replies":[{"embeddable":true,"href":"https:\/\/herz-statt-hetze-stendal.de\/index.php?rest_route=%2Fwp%2Fv2%2Fcomments&post=13"}],"version-history":[{"count":47,"href":"https:\/\/herz-statt-hetze-stendal.de\/index.php?rest_route=\/wp\/v2\/pages\/13\/revisions"}],"predecessor-version":[{"id":352,"href":"https:\/\/herz-statt-hetze-stendal.de\/index.php?rest_route=\/wp\/v2\/pages\/13\/revisions\/352"}],"wp:attachment":[{"href":"https:\/\/herz-statt-hetze-stendal.de\/index.php?rest_route=%2Fwp%2Fv2%2Fmedia&parent=13"}],"curies":[{"name":"wp","href":"https:\/\/api.w.org\/{rel}","templated":true}]}}