{"id":11,"date":"2024-07-17T12:59:33","date_gmt":"2024-07-17T10:59:33","guid":{"rendered":"https:\/\/herz-statt-hetze-stendal.de\/?page_id=11"},"modified":"2026-04-13T15:41:46","modified_gmt":"2026-04-13T13:41:46","slug":"selbstverstaendnis","status":"publish","type":"page","link":"https:\/\/herz-statt-hetze-stendal.de\/?page_id=11","title":{"rendered":"Selbstverst\u00e4ndnis"},"content":{"rendered":"<p>[et_pb_section fb_built=&#8220;1&#8243; _builder_version=&#8220;4.26.1&#8243; _module_preset=&#8220;default&#8220; background_color=&#8220;#fbfbde&#8220; global_colors_info=&#8220;{}&#8220;][et_pb_row _builder_version=&#8220;4.26.1&#8243; _module_preset=&#8220;default&#8220; global_colors_info=&#8220;{}&#8220;][et_pb_column type=&#8220;4_4&#8243; _builder_version=&#8220;4.26.1&#8243; _module_preset=&#8220;default&#8220; global_colors_info=&#8220;{}&#8220;][et_pb_heading title=&#8220;Unser Selbstverst\u00e4ndnis&#8220; _builder_version=&#8220;4.26.1&#8243; _module_preset=&#8220;default&#8220; title_font=&#8220;|700|||||||&#8220; title_text_color=&#8220;#C8005D&#8220; global_colors_info=&#8220;{}&#8220;][\/et_pb_heading][\/et_pb_column][\/et_pb_row][et_pb_row _builder_version=&#8220;4.26.1&#8243; _module_preset=&#8220;default&#8220; global_colors_info=&#8220;{}&#8220;][et_pb_column type=&#8220;4_4&#8243; _builder_version=&#8220;4.26.1&#8243; _module_preset=&#8220;default&#8220; global_colors_info=&#8220;{}&#8220;][et_pb_text _builder_version=&#8220;4.26.1&#8243; _module_preset=&#8220;default&#8220; global_colors_info=&#8220;{}&#8220;]<\/p>\n<h5><span style=\"color: #c8005d;\">Wer wir sind<\/span><\/h5>\n<p>\u201eHerz statt Hetze Stendal\u201c sind Menschen aus Stendal. Wir sind ein Netzwerk von Einzelpersonen sowie Menschen aus zivilgesellschaftlichen Einrichtungen, Verb\u00e4nden, Vereinen, Religionsgemeinschaften und demokratischen Parteien. Das B\u00fcndnis agiert \u00fcber parteiliche, politische, religi\u00f6se, kulturelle, soziale und andere Abgrenzungen hinweg. Die Zusammenarbeit ist gepr\u00e4gt durch wechselseitige Offenheit, Respekt und Verbindlichkeit. Wir treffen Entscheidungen gemeinsam und basisdemokratisch. Die Mitarbeit steht all jenen offen, die sich mit uns f\u00fcr Demokratie, Weltoffenheit und Vielfalt einsetzen m\u00f6chten.<\/p>\n<h5><span style=\"color: #c8005d;\">Wof\u00fcr wir stehen<\/span><\/h5>\n<p>Unsere Schwerpunkte liegen im Werben f\u00fcr Demokratie, Toleranz und Menschenrechte. Wir st\u00e4rken mit unserem Handeln demokratische Alltagskultur in der Hansestadt Stendal und zeigen, wie bunt das Leben hier ist. Diese Vielfalt ist auch ein Pluralismus der Meinungen, Weltanschauungen und Lebensformen. Uns eint aber auch Sorge angesichts menschenfeindlicher Einstellungen, Diskriminierung und Gewalt. Deshalb engagieren wir uns gegen Rassismus, Rechtsextremismus und Antisemitismus sowie allen Formen gruppenbezogener Menschenfeindlichkeit. Wir setzen uns f\u00fcr die Rechte von Menschen mit Migrationsbiografie ein. Wir informieren, kl\u00e4ren auf und thematisieren. Wir sagen NEIN zum Verharmlosen und Wegschauen. Wir stehen f\u00fcr gelebte Zivilcourage. In diesem Sinne geben wir Veranstaltungen und Aktionen ein organisatorisches Dach. \u201eHerz statt Hetze Stendal\u201c ist offen f\u00fcr alle, die sich in diesem Rahmen engagieren m\u00f6chten. Wir treten \u00f6ffentlich und mit friedlichen Mitteln f\u00fcr unsere \u00dcberzeugung ein.<\/p>\n<p>[\/et_pb_text][\/et_pb_column][\/et_pb_row][et_pb_row _builder_version=&#8220;4.26.1&#8243; _module_preset=&#8220;default&#8220; global_colors_info=&#8220;{}&#8220;][et_pb_column type=&#8220;4_4&#8243; _builder_version=&#8220;4.26.1&#8243; _module_preset=&#8220;default&#8220; global_colors_info=&#8220;{}&#8220;][et_pb_button button_url=&#8220;https:\/\/herz-statt-hetze-stendal.de\/?page_id=13&#8243; button_text=&#8220;MACH MIT&#8220; button_alignment=&#8220;center&#8220; _builder_version=&#8220;4.26.1&#8243; _module_preset=&#8220;default&#8220; global_colors_info=&#8220;{}&#8220;][\/et_pb_button][\/et_pb_column][\/et_pb_row][\/et_pb_section]<\/p>\n","protected":false},"excerpt":{"rendered":"<p>Wer wir sind \u201eHerz statt Hetze Stendal\u201c sind Menschen aus Stendal. Wir sind ein Netzwerk von Einzelpersonen sowie Menschen aus zivilgesellschaftlichen Einrichtungen, Verb\u00e4nden, Vereinen, Religionsgemeinschaften und demokratischen Parteien. Das B\u00fcndnis agiert \u00fcber parteiliche, politische, religi\u00f6se, kulturelle, soziale und andere Abgrenzungen hinweg. Die Zusammenarbeit ist gepr\u00e4gt durch wechselseitige Offenheit, Respekt und Verbindlichkeit. Wir treffen Entscheidungen gemeinsam [&hellip;]<\/p>\n","protected":false},"author":1,"featured_media":0,"parent":0,"menu_order":0,"comment_status":"closed","ping_status":"closed","template":"","meta":{"_et_pb_use_builder":"on","_et_pb_old_content":"","_et_gb_content_width":"","footnotes":""},"class_list":["post-11","page","type-page","status-publish","hentry"],"_links":{"self":[{"href":"https:\/\/herz-statt-hetze-stendal.de\/index.php?rest_route=\/wp\/v2\/pages\/11","targetHints":{"allow":["GET"]}}],"collection":[{"href":"https:\/\/herz-statt-hetze-stendal.de\/index.php?rest_route=\/wp\/v2\/pages"}],"about":[{"href":"https:\/\/herz-statt-hetze-stendal.de\/index.php?rest_route=\/wp\/v2\/types\/page"}],"author":[{"embeddable":true,"href":"https:\/\/herz-statt-hetze-stendal.de\/index.php?rest_route=\/wp\/v2\/users\/1"}],"replies":[{"embeddable":true,"href":"https:\/\/herz-statt-hetze-stendal.de\/index.php?rest_route=%2Fwp%2Fv2%2Fcomments&post=11"}],"version-history":[{"count":12,"href":"https:\/\/herz-statt-hetze-stendal.de\/index.php?rest_route=\/wp\/v2\/pages\/11\/revisions"}],"predecessor-version":[{"id":348,"href":"https:\/\/herz-statt-hetze-stendal.de\/index.php?rest_route=\/wp\/v2\/pages\/11\/revisions\/348"}],"wp:attachment":[{"href":"https:\/\/herz-statt-hetze-stendal.de\/index.php?rest_route=%2Fwp%2Fv2%2Fmedia&parent=11"}],"curies":[{"name":"wp","href":"https:\/\/api.w.org\/{rel}","templated":true}]}}